{"id":10,"date":"2013-10-19T10:20:56","date_gmt":"2013-10-19T08:20:56","guid":{"rendered":"http:\/\/time-girls.de\/2013\/?page_id=10"},"modified":"2024-03-05T13:00:04","modified_gmt":"2024-03-05T11:00:04","slug":"herzlich-willkommen","status":"publish","type":"page","link":"https:\/\/time-girls.de\/fr\/","title":{"rendered":"Bienvenue"},"content":{"rendered":"<p><\/p>\n<p style=\"text-align: center;\">Escort Service Time-Girl \u00e0 Freiburg!<br \/>\nNous sommes de l&rsquo;autorit\u00e9 de Fribourg apr\u00e8s<br \/>\nParagraphe 12 Soci\u00e9t\u00e9 agr\u00e9\u00e9e par la Prostitu\u00e9e Protection Act<\/p>\n<p>Les dames proposent des visites discr\u00e8tes en compagnie ou en priv\u00e9,<br \/>\ncomme discret dans l&rsquo;h\u00f4tel \/ bureau ou d&rsquo;autres endroits.<\/p>\n<p>Les dames sont bien habill\u00e9es. Ils savent se donner comme une femme d&rsquo;affaires moderne.<br \/>\nEn outre, ils peuvent appara\u00eetre tr\u00e8s sexy ou athl\u00e9tique.<br \/>\nLes voeux sont les bienvenus!<\/p>\n<p>Profitez d&rsquo;un rendez-vous avec les dames.<br \/>\nOffrez-vous une exp\u00e9rience inoubliable.<\/p>\n<p>Pour obtenir un prix pour une visite \u00e0 domicile ou \u00e0 l&rsquo;h\u00f4tel, ou un service d&rsquo;escorte,<br \/>\nest-ce seulement possible si vous nous appelez personnellement!<\/p>\n<p>R\u00e9servation fois:<br \/>\nNous sommes disponibles pour la r\u00e9servation &#8230;<br \/>\nDu lundi au dimanche: de 10h00 \u00e0 0h00<br \/>\nVendredi et samedi de 13h00 \u00e0 3h00<br \/>\n&#8230; disponible!<\/p>\n<p>Time Girls Agency T\u00e9l\u00e9phone: +4915204808888<\/p>\n<p>Nous acceptons les devises comme l&rsquo;euro, le franc suisse et le dollar<\/p>\n<p>Paiement par carte EC possible.<\/p>\n<p><img loading=\"lazy\" class=\"alignnone size-medium wp-image-2940\" src=\"http:\/\/time-girls.de\/wp-content\/uploads\/2013\/10\/girocard_neu_klein-300x129.jpg\" alt=\"\" width=\"300\" height=\"129\" srcset=\"https:\/\/time-girls.de\/wp-content\/uploads\/2013\/10\/girocard_neu_klein-300x129.jpg 300w, https:\/\/time-girls.de\/wp-content\/uploads\/2013\/10\/girocard_neu_klein-370x159.jpg 370w, https:\/\/time-girls.de\/wp-content\/uploads\/2013\/10\/girocard_neu_klein.jpg 490w\" sizes=\"(max-width: 300px) 100vw, 300px\" \/><\/p>","protected":false},"excerpt":{"rendered":"<p>Escort Service Time-Girl \u00e0 Freiburg! Nous sommes de l&rsquo;autorit\u00e9 de Fribourg apr\u00e8s Paragraphe 12 Soci\u00e9t\u00e9 agr\u00e9\u00e9e par la Prostitu\u00e9e Protection Act Les dames proposent des visites discr\u00e8tes en compagnie ou en priv\u00e9, comme discret dans[&#8230;]<\/p>\n","protected":false},"author":1,"featured_media":0,"parent":0,"menu_order":0,"comment_status":"closed","ping_status":"closed","template":"","meta":[],"_links":{"self":[{"href":"https:\/\/time-girls.de\/fr\/wp-json\/wp\/v2\/pages\/10"}],"collection":[{"href":"https:\/\/time-girls.de\/fr\/wp-json\/wp\/v2\/pages"}],"about":[{"href":"https:\/\/time-girls.de\/fr\/wp-json\/wp\/v2\/types\/page"}],"author":[{"embeddable":true,"href":"https:\/\/time-girls.de\/fr\/wp-json\/wp\/v2\/users\/1"}],"replies":[{"embeddable":true,"href":"https:\/\/time-girls.de\/fr\/wp-json\/wp\/v2\/comments?post=10"}],"version-history":[{"count":86,"href":"https:\/\/time-girls.de\/fr\/wp-json\/wp\/v2\/pages\/10\/revisions"}],"predecessor-version":[{"id":5329,"href":"https:\/\/time-girls.de\/fr\/wp-json\/wp\/v2\/pages\/10\/revisions\/5329"}],"wp:attachment":[{"href":"https:\/\/time-girls.de\/fr\/wp-json\/wp\/v2\/media?parent=10"}],"curies":[{"name":"wp","href":"https:\/\/api.w.org\/{rel}","templated":true}]}}