{"id":13,"date":"2013-10-19T10:21:33","date_gmt":"2013-10-19T08:21:33","guid":{"rendered":"http:\/\/time-girls.de\/2013\/?page_id=13"},"modified":"2024-10-04T10:58:25","modified_gmt":"2024-10-04T08:58:25","slug":"honorar","status":"publish","type":"page","link":"https:\/\/time-girls.de\/fr\/honorar\/","title":{"rendered":"Honorar"},"content":{"rendered":"<p>Les dames du Time Girls offrent \u00e0 domicile, h\u00f4tel, escorte, (visites de bureau)<\/p>\n<p>Absolument discrets, ils vous sont propos\u00e9s par un service de chauffeur ind\u00e9pendant.<\/p>\n<p>Nous sommes disponibles pour la r\u00e9servation &#8230;<br \/>\nDu lundi au dimanche: de 12h00 \u00e0 15h00<br \/>\nVendredi et samedi de 12h00 \u00e0 17h00<br \/>\n&#8230; disponible!<br \/>\nTe: +49 152 0480 8888<\/p>\n<p>Nous acceptons les devises telles que l&rsquo;euro, le franc suisse et le dollar<\/p>\n<p>L&rsquo;information sur les prix n&rsquo;est possible que par t\u00e9l\u00e9phone!<\/p>\n<p>Le service, etc. doit \u00eatre convenu avec les dames personnellement.<br \/>\nLes dames peuvent aussi \u00eatre r\u00e9serv\u00e9es toute une nuit!<\/p>\n<p>Time Girls Agency T\u00e9l\u00e9phone: +4915204808888<\/p>\n<p>* Notes g\u00e9n\u00e9rales sur les travailleuses ind\u00e9pendantes:<\/p>\n<p>Veuillez noter que les femmes pr\u00e9sentes offrent leurs services en tant qu\u2019entrepreneurs ind\u00e9pendants et n\u2019ont aucune relation juridique avec l\u2019agence Time Girls de Fribourg. Les accords contraignants concernant la nature du service, le montant de la r\u00e9mun\u00e9ration ainsi que les modalit\u00e9s de paiement sont exclusivement entre les femmes et leurs invit\u00e9s. Les services et pr\u00e9sentations sont effectu\u00e9s exclusivement pour le compte, les noms propres et le compte, les dames. Il n\u2019ya \u00e0 aucun moment de relation contractuelle justifi\u00e9e et aucune relation d\u2019affaires avec Time Girls Agency \u00e0 Fribourg. Les photos des dames sont fournies exclusivement par les dames en question. Ceux-ci sont seuls responsables de la pr\u00e9sentation. Toute la pr\u00e9sentation, les dames sur le site de Time Girls Agency \u00e0 Fribourg, est faite exclusivement pour le compte.<\/p>\n<p>Pour les plaintes, nous sommes directement \u00e0 la maison, par t\u00e9l\u00e9phone ou discret par email \u00e9galement disponible.<\/p>","protected":false},"excerpt":{"rendered":"<p>Les dames du Time Girls offrent \u00e0 domicile, h\u00f4tel, escorte, (visites de bureau) Absolument discrets, ils vous sont propos\u00e9s par un service de chauffeur ind\u00e9pendant. Nous sommes disponibles pour la r\u00e9servation &#8230; Du lundi au[&#8230;]<\/p>\n","protected":false},"author":1,"featured_media":0,"parent":0,"menu_order":0,"comment_status":"closed","ping_status":"closed","template":"","meta":[],"_links":{"self":[{"href":"https:\/\/time-girls.de\/fr\/wp-json\/wp\/v2\/pages\/13"}],"collection":[{"href":"https:\/\/time-girls.de\/fr\/wp-json\/wp\/v2\/pages"}],"about":[{"href":"https:\/\/time-girls.de\/fr\/wp-json\/wp\/v2\/types\/page"}],"author":[{"embeddable":true,"href":"https:\/\/time-girls.de\/fr\/wp-json\/wp\/v2\/users\/1"}],"replies":[{"embeddable":true,"href":"https:\/\/time-girls.de\/fr\/wp-json\/wp\/v2\/comments?post=13"}],"version-history":[{"count":51,"href":"https:\/\/time-girls.de\/fr\/wp-json\/wp\/v2\/pages\/13\/revisions"}],"predecessor-version":[{"id":5421,"href":"https:\/\/time-girls.de\/fr\/wp-json\/wp\/v2\/pages\/13\/revisions\/5421"}],"wp:attachment":[{"href":"https:\/\/time-girls.de\/fr\/wp-json\/wp\/v2\/media?parent=13"}],"curies":[{"name":"wp","href":"https:\/\/api.w.org\/{rel}","templated":true}]}}