{"id":15,"date":"2013-10-19T10:22:28","date_gmt":"2013-10-19T08:22:28","guid":{"rendered":"http:\/\/time-girls.de\/2013\/?page_id=15"},"modified":"2023-04-15T15:51:25","modified_gmt":"2023-04-15T13:51:25","slug":"kontakt","status":"publish","type":"page","link":"https:\/\/time-girls.de\/fr\/kontakt\/","title":{"rendered":"Kontakt"},"content":{"rendered":"<p>Time Girls Agency<br \/>\n79098 Fribourg i. Br.<\/p>\n<p>T\u00e9l .: +49 152 0480 8888<br \/>\nemail: info@time-girls.de<\/p>\n<p>Nous sommes disponibles pour la r\u00e9servation &#8230;<br \/>\nDu lundi au dimanche: de 10h00 \u00e0 0h00<br \/>\nVendredi et samedi de 13h00 \u00e0 3h00<br \/>\n&#8230; disponible!<\/p>\n<p>Nous soulignons ce qui suit:<\/p>\n<p>En ce qui concerne les contrats d&rsquo;accompagnement conclus via ce portail Internet, le fournisseur NKS Invest se limite \u00e0 la m\u00e9diation ou \u00e0 la conclusion du contrat. Le contrat d\u2019escorte final est conclu entre le client et la femme d\u2019escorte directement. En ce qui concerne le contenu r\u00e9el des services, la dame d\u2019escorte d\u00e9cide au final m\u00eame en consultation avec le client. Cela fait sp\u00e9cifiquement r\u00e9f\u00e9rence \u00e0 l&#8217;emplacement sp\u00e9cifique des services d&rsquo;escorte. L&rsquo;offrant NKS Invest ne doit dans chaque cas exclusivement que la m\u00e9diation de contact avec la dame d&rsquo;escorte.<\/p>\n<p>Les d\u00e9clarations publicitaires ou les descriptions de services effectu\u00e9es ici dans le cadre de l&rsquo;offre Internet ne sont pas juridiquement contraignantes.<\/p>\n<p>Que le prestataire NKS Invest v\u00e9rifie si les prestations convenues avec la dame d\u2019escorte dans des cas individuels sont autoris\u00e9es ou non sur le lieu d\u2019ex\u00e9cution sp\u00e9cifique, aucune garantie de l\u2019admissibilit\u00e9 n\u2019est \u00e9galement accept\u00e9e. Cela concerne en particulier les points de service en dehors de Fribourg. NKS Invest, le prestataire, indique clairement que les offres pr\u00e9sent\u00e9es ici ont toutes pour objectif explicite la l\u00e9galit\u00e9 et le respect de la loi.<\/p>\n<p>Toutefois, le contenu des services convenus peut tomber dans la r\u00e9serve r\u00e9gionale sous r\u00e9serve de la r\u00e9glementation dite des zones r\u00e9glement\u00e9es. Un conflit avec ces r\u00e9glementations n&rsquo;est en aucun cas souhait\u00e9 ou accept\u00e9 par le fournisseur NKS Invest. La responsabilit\u00e9 n&rsquo;est pas assum\u00e9e autant que possible. En dehors du champ d&rsquo;application des zones restreintes, toutefois, selon les connaissances non contraignantes du fournisseur NKS Invest, le contenu des services n&rsquo;est en principe pas limit\u00e9 dans le cadre de la r\u00e9glementation g\u00e9n\u00e9rale.<\/p>","protected":false},"excerpt":{"rendered":"<p>Time Girls Agency 79098 Fribourg i. Br. T\u00e9l .: +49 152 0480 8888 email: info@time-girls.de Nous sommes disponibles pour la r\u00e9servation &#8230; Du lundi au dimanche: de 10h00 \u00e0 0h00 Vendredi et samedi de 13h00[&#8230;]<\/p>\n","protected":false},"author":1,"featured_media":0,"parent":0,"menu_order":0,"comment_status":"closed","ping_status":"closed","template":"","meta":[],"_links":{"self":[{"href":"https:\/\/time-girls.de\/fr\/wp-json\/wp\/v2\/pages\/15"}],"collection":[{"href":"https:\/\/time-girls.de\/fr\/wp-json\/wp\/v2\/pages"}],"about":[{"href":"https:\/\/time-girls.de\/fr\/wp-json\/wp\/v2\/types\/page"}],"author":[{"embeddable":true,"href":"https:\/\/time-girls.de\/fr\/wp-json\/wp\/v2\/users\/1"}],"replies":[{"embeddable":true,"href":"https:\/\/time-girls.de\/fr\/wp-json\/wp\/v2\/comments?post=15"}],"version-history":[{"count":19,"href":"https:\/\/time-girls.de\/fr\/wp-json\/wp\/v2\/pages\/15\/revisions"}],"predecessor-version":[{"id":5171,"href":"https:\/\/time-girls.de\/fr\/wp-json\/wp\/v2\/pages\/15\/revisions\/5171"}],"wp:attachment":[{"href":"https:\/\/time-girls.de\/fr\/wp-json\/wp\/v2\/media?parent=15"}],"curies":[{"name":"wp","href":"https:\/\/api.w.org\/{rel}","templated":true}]}}