{"id":17,"date":"2013-10-19T10:23:22","date_gmt":"2013-10-19T08:23:22","guid":{"rendered":"http:\/\/time-girls.de\/2013\/?page_id=17"},"modified":"2022-04-10T16:35:56","modified_gmt":"2022-04-10T14:35:56","slug":"impressum","status":"publish","type":"page","link":"https:\/\/time-girls.de\/fr\/impressum\/","title":{"rendered":"Impressum"},"content":{"rendered":"<p>Identification du fournisseur: fournisseur au sens du \u00a7 6 du trait\u00e9 sur les services aux m\u00e9dias<br \/>\n(MDStV), la Loi sur les t\u00e9l\u00e9services (TMD):<\/p>\n<p>Propri\u00e9taire du Domaine:<br \/>\nNKS Invest<br \/>\nSchwabentorring<br \/>\n79098 Freiburg<br \/>\nT\u00e9l\u00e9phone: 0152-04808888<\/p>\n<p>droit d&rsquo;auteur<br \/>\nL&rsquo;utilisation, la duplication et la transmission des \u00e9l\u00e9ments du site Web sont interdites en principe et ne peuvent avoir lieu qu&rsquo;avec l&rsquo;autorisation du propri\u00e9taire ou de l&rsquo;exp\u00e9diteur.<\/p>\n<p>R\u00e9f\u00e9rences et liens<br \/>\nPar un jugement du 12 mai 1998, le tribunal r\u00e9gional de Hambourg d\u00e9cida de r\u00e9pondre en pla\u00e7ant un lien sur le contenu de la partie li\u00e9e avec \u00e9ventuellement. Selon le tribunal de grande instance de Hambourg, cela ne peut \u00eatre \u00e9vit\u00e9 qu&rsquo;en prenant express\u00e9ment ses distances par rapport \u00e0 ces contenus. Nous avons plac\u00e9 sur nos pages des liens vers des sites Internet dont le contenu et la mise \u00e0 jour ne sont pas soumis \u00e0 l&rsquo;influence de time-girls.de. Car tous ces liens s&rsquo;appliquent: \u00ab\u00a0time-girls.de n&rsquo;a aucune influence sur la conception et le contenu des sites Web externes et se dissocie donc de tout contenu externe, m\u00eame si time-girls.de sur ces sites externes, un lien a \u00e9t\u00e9 cr\u00e9\u00e9\u00a0\u00bb. s\u2019applique \u00e0 tous les liens affich\u00e9s sur notre page d\u2019accueil et \u00e0 tous les contenus des c\u00f4t\u00e9s auxquels les banni\u00e8res et les liens enregistr\u00e9s avec nous m\u00e8nent.<\/p>\n<p><!-- Beginn Erotik-Jugendschutz.de HTML Code --><br \/>\n<script language=\"javascript\" src=\"http:\/\/www.erotik-jugendschutz.de\/pimpress.php?customer=2174\" type=\"text\/javascript\"><\/script><br \/>\n<noscript><a href=\"http:\/\/www.erotik-jugendschutz.de\/\" target=\"_blank\"><b>Jugendschutzbeauftragter<\/b><\/a><\/p>\n<p>Kristine Peters<\/p>\n<p>Kattensteert 4<\/p>\n<p>22119 Hamburg<\/p>\n<p>Tel. 0180-5012981<\/p>\n<p>(0,14 EUR\/Min. aus dem dt. Festnetz, max. 0,42 EUR\/Min. aus den Mobilfunknetzen)<\/p>\n<p>info@erotik-jugendschutz.de<\/p>\n<p><a href=\"http:\/\/www.erotik-jugendschutz.de\/\" target=\"_blank\">http:\/\/www.erotik-jugendschutz.de<\/a><br \/>\n<\/noscript><br \/>\n<!-- Ende Erotik-Jugendschutz.de HTML Code --><\/p>","protected":false},"excerpt":{"rendered":"<p>Identification du fournisseur: fournisseur au sens du \u00a7 6 du trait\u00e9 sur les services aux m\u00e9dias (MDStV), la Loi sur les t\u00e9l\u00e9services (TMD): Propri\u00e9taire du Domaine: NKS Invest Schwabentorring 79098 Freiburg T\u00e9l\u00e9phone: 0152-04808888 droit d&rsquo;auteur[&#8230;]<\/p>\n","protected":false},"author":1,"featured_media":0,"parent":0,"menu_order":0,"comment_status":"closed","ping_status":"closed","template":"","meta":[],"_links":{"self":[{"href":"https:\/\/time-girls.de\/fr\/wp-json\/wp\/v2\/pages\/17"}],"collection":[{"href":"https:\/\/time-girls.de\/fr\/wp-json\/wp\/v2\/pages"}],"about":[{"href":"https:\/\/time-girls.de\/fr\/wp-json\/wp\/v2\/types\/page"}],"author":[{"embeddable":true,"href":"https:\/\/time-girls.de\/fr\/wp-json\/wp\/v2\/users\/1"}],"replies":[{"embeddable":true,"href":"https:\/\/time-girls.de\/fr\/wp-json\/wp\/v2\/comments?post=17"}],"version-history":[{"count":16,"href":"https:\/\/time-girls.de\/fr\/wp-json\/wp\/v2\/pages\/17\/revisions"}],"predecessor-version":[{"id":4808,"href":"https:\/\/time-girls.de\/fr\/wp-json\/wp\/v2\/pages\/17\/revisions\/4808"}],"wp:attachment":[{"href":"https:\/\/time-girls.de\/fr\/wp-json\/wp\/v2\/media?parent=17"}],"curies":[{"name":"wp","href":"https:\/\/api.w.org\/{rel}","templated":true}]}}